{"id":5583,"date":"2022-11-21T15:49:40","date_gmt":"2022-11-21T07:49:40","guid":{"rendered":"https:\/\/hghypackaging.com\/machine-de-moulage-de-pate-a-papier\/"},"modified":"2024-07-02T17:29:50","modified_gmt":"2024-07-02T09:29:50","slug":"machine-de-moulage-de-pate-a-papier","status":"publish","type":"page","link":"https:\/\/www.hghypackaging.com\/fr\/machine-de-moulage-de-pate-a-papier\/","title":{"rendered":"Machine De Moulage De P\u00e2te \u00e0 Papier"},"content":{"rendered":"\t\t<div data-elementor-type=\"wp-page\" data-elementor-id=\"5583\" class=\"elementor elementor-5583 elementor-421\">\n\t\t\t\t\t\t\t<div class=\"elementor-element elementor-element-6fbe46de e-con-boxed e-flex e-con\" data-id=\"6fbe46de\" data-element_type=\"container\" data-settings=\"{&quot;background_background&quot;:&quot;classic&quot;,&quot;content_width&quot;:&quot;boxed&quot;}\">\n\t\t\t\t\t<div class=\"e-con-inner\">\n\t\t<div class=\"elementor-element elementor-element-707bd1a2 e-con-full e-flex e-con\" data-id=\"707bd1a2\" data-element_type=\"container\" data-settings=\"{&quot;content_width&quot;:&quot;full&quot;}\">\n\t\t\t\t<div class=\"elementor-element elementor-element-268cd1de elementor-widget elementor-widget-heading\" data-id=\"268cd1de\" data-element_type=\"widget\" data-widget_type=\"heading.default\">\n\t\t\t\t<div class=\"elementor-widget-container\">\n\t\t\t<style>\/*! elementor - v3.13.3 - 22-05-2023 *\/\n.elementor-heading-title{padding:0;margin:0;line-height:1}.elementor-widget-heading .elementor-heading-title[class*=elementor-size-]>a{color:inherit;font-size:inherit;line-height:inherit}.elementor-widget-heading .elementor-heading-title.elementor-size-small{font-size:15px}.elementor-widget-heading .elementor-heading-title.elementor-size-medium{font-size:19px}.elementor-widget-heading .elementor-heading-title.elementor-size-large{font-size:29px}.elementor-widget-heading .elementor-heading-title.elementor-size-xl{font-size:39px}.elementor-widget-heading .elementor-heading-title.elementor-size-xxl{font-size:59px}<\/style><h2 class=\"elementor-heading-title elementor-size-default\">Machine De Moulage De P\u00e2te \u00e0 Papier<\/h2>\t\t<\/div>\n\t\t\t\t<\/div>\n\t\t\t\t<div class=\"elementor-element elementor-element-7804ca1e elementor-widget elementor-widget-woocommerce-breadcrumb\" data-id=\"7804ca1e\" data-element_type=\"widget\" data-widget_type=\"woocommerce-breadcrumb.default\">\n\t\t\t\t<div class=\"elementor-widget-container\">\n\t\t\t<link rel=\"stylesheet\" href=\"https:\/\/www.hghypackaging.com\/wp-content\/plugins\/elementor-pro\/assets\/css\/widget-woocommerce.min.css\"><nav class=\"woocommerce-breadcrumb\" aria-label=\"Breadcrumb\">Accueil<\/nav>\t\t<\/div>\n\t\t\t\t<\/div>\n\t\t\t\t<\/div>\n\t\t\t\t\t<\/div>\n\t\t\t\t<\/div>\n\t\t<div class=\"elementor-element elementor-element-c439c47 e-con-boxed e-flex e-con\" data-id=\"c439c47\" data-element_type=\"container\" data-settings=\"{&quot;content_width&quot;:&quot;boxed&quot;}\">\n\t\t\t\t\t<div class=\"e-con-inner\">\n\t\t<div class=\"elementor-element elementor-element-69aaaad6 e-con-full e-flex e-con\" data-id=\"69aaaad6\" data-element_type=\"container\" data-settings=\"{&quot;content_width&quot;:&quot;full&quot;,&quot;background_background&quot;:&quot;classic&quot;}\">\n\t\t\t\t<div class=\"elementor-element elementor-element-9374eb9 elementor-grid-3 elementor-product-loop-item--align-center elementor-grid-tablet-3 elementor-grid-mobile-2 elementor-products-grid elementor-wc-products elementor-widget elementor-widget-woocommerce-products\" data-id=\"9374eb9\" data-element_type=\"widget\" data-widget_type=\"woocommerce-products.default\">\n\t\t\t\t<div class=\"elementor-widget-container\">\n\t\t\t<div class=\"woocommerce columns-3 \"><ul class=\"products elementor-grid columns-3\">\n<li class=\"product type-product post-5796 status-publish first instock product_cat-lignes-de-jetable-vaisselle has-post-thumbnail shipping-taxable product-type-simple\">\n\t<a href=\"https:\/\/www.hghypackaging.com\/fr\/product\/machine-de-fabricaiton-de-vaisselle-jetable-biodegradable\/\" class=\"woocommerce-LoopProduct-link woocommerce-loop-product__link\"><img decoding=\"async\" width=\"400\" height=\"400\" src=\"https:\/\/www.hghypackaging.com\/wp-content\/uploads\/2023\/09\/Paper-Cup-Lid-Machine-400x400.webp\" class=\"attachment-woocommerce_thumbnail size-woocommerce_thumbnail\" alt=\"molded pulp machine\" srcset=\"https:\/\/www.hghypackaging.com\/wp-content\/uploads\/2023\/09\/Paper-Cup-Lid-Machine-400x400.webp 400w, https:\/\/www.hghypackaging.com\/wp-content\/uploads\/2023\/09\/Paper-Cup-Lid-Machine-100x100.webp 100w, https:\/\/www.hghypackaging.com\/wp-content\/uploads\/2023\/09\/Paper-Cup-Lid-Machine-600x600.webp 600w, https:\/\/www.hghypackaging.com\/wp-content\/uploads\/2023\/09\/Paper-Cup-Lid-Machine-300x300.webp 300w, https:\/\/www.hghypackaging.com\/wp-content\/uploads\/2023\/09\/Paper-Cup-Lid-Machine-150x150.webp 150w, https:\/\/www.hghypackaging.com\/wp-content\/uploads\/2023\/09\/Paper-Cup-Lid-Machine.webp 768w\" sizes=\"(max-width: 400px) 100vw, 400px\" \/><h2 class=\"woocommerce-loop-product__title\">HGHY Machine De Fabricaiton De Vaisselle Jetable Biod\u00e9gradable<\/h2>\n<\/a><a href=\"https:\/\/www.hghypackaging.com\/fr\/product\/machine-de-fabricaiton-de-vaisselle-jetable-biodegradable\/\" aria-describedby=\"woocommerce_loop_add_to_cart_link_describedby_5796\" data-quantity=\"1\" class=\"button product_type_simple\" data-product_id=\"5796\" data-product_sku=\"007-2\" aria-label=\"En savoir plus sur &ldquo;HGHY Machine De Fabricaiton De Vaisselle Jetable Biod\u00e9gradable&rdquo;\" rel=\"nofollow\" data-success_message=\"\">Lire la suite<\/a>\t<span id=\"woocommerce_loop_add_to_cart_link_describedby_5796\" class=\"screen-reader-text\">\n\t\t\t<\/span>\n<\/li>\n<li class=\"product type-product post-5785 status-publish instock has-post-thumbnail shipping-taxable product-type-simple\">\n\t<a href=\"https:\/\/www.hghypackaging.com\/fr\/product\/machine-de-fabricaiton-de-cellulose-moulee\/\" class=\"woocommerce-LoopProduct-link woocommerce-loop-product__link\"><img decoding=\"async\" width=\"400\" height=\"400\" src=\"https:\/\/www.hghypackaging.com\/wp-content\/uploads\/2023\/09\/Pulp-Thermoforming-Machine-400x400.webp\" class=\"attachment-woocommerce_thumbnail size-woocommerce_thumbnail\" alt=\"HGHY Paper Tray Making Machine\" srcset=\"https:\/\/www.hghypackaging.com\/wp-content\/uploads\/2023\/09\/Pulp-Thermoforming-Machine-400x400.webp 400w, https:\/\/www.hghypackaging.com\/wp-content\/uploads\/2023\/09\/Pulp-Thermoforming-Machine-100x100.webp 100w, https:\/\/www.hghypackaging.com\/wp-content\/uploads\/2023\/09\/Pulp-Thermoforming-Machine-600x600.webp 600w, https:\/\/www.hghypackaging.com\/wp-content\/uploads\/2023\/09\/Pulp-Thermoforming-Machine-300x300.webp 300w, https:\/\/www.hghypackaging.com\/wp-content\/uploads\/2023\/09\/Pulp-Thermoforming-Machine-150x150.webp 150w, https:\/\/www.hghypackaging.com\/wp-content\/uploads\/2023\/09\/Pulp-Thermoforming-Machine.webp 768w\" sizes=\"(max-width: 400px) 100vw, 400px\" \/><h2 class=\"woocommerce-loop-product__title\">HGHY Machine De Fabricaiton De Cellulose Moul\u00e9e<\/h2>\n<\/a><a href=\"https:\/\/www.hghypackaging.com\/fr\/product\/machine-de-fabricaiton-de-cellulose-moulee\/\" aria-describedby=\"woocommerce_loop_add_to_cart_link_describedby_5785\" data-quantity=\"1\" class=\"button product_type_simple\" data-product_id=\"5785\" data-product_sku=\"003-1-1-1\" aria-label=\"En savoir plus sur &ldquo;HGHY Machine De Fabricaiton De Cellulose Moul\u00e9e&rdquo;\" rel=\"nofollow\" data-success_message=\"\">Lire la suite<\/a>\t<span id=\"woocommerce_loop_add_to_cart_link_describedby_5785\" class=\"screen-reader-text\">\n\t\t\t<\/span>\n<\/li>\n<li class=\"product type-product post-5780 status-publish last instock product_cat-lignes-de-jetable-vaisselle has-post-thumbnail shipping-taxable product-type-simple\">\n\t<a href=\"https:\/\/www.hghypackaging.com\/fr\/product\/machine-de-fabricaiton-de-vaisselle-compostable\/\" class=\"woocommerce-LoopProduct-link woocommerce-loop-product__link\"><img decoding=\"async\" width=\"400\" height=\"400\" src=\"https:\/\/www.hghypackaging.com\/wp-content\/uploads\/2023\/09\/Pulp-Molded-Tableware-Machine-400x400.webp\" class=\"attachment-woocommerce_thumbnail size-woocommerce_thumbnail\" alt=\"pulp molding tableware machine\" srcset=\"https:\/\/www.hghypackaging.com\/wp-content\/uploads\/2023\/09\/Pulp-Molded-Tableware-Machine-400x400.webp 400w, https:\/\/www.hghypackaging.com\/wp-content\/uploads\/2023\/09\/Pulp-Molded-Tableware-Machine-100x100.webp 100w, https:\/\/www.hghypackaging.com\/wp-content\/uploads\/2023\/09\/Pulp-Molded-Tableware-Machine-600x600.webp 600w, https:\/\/www.hghypackaging.com\/wp-content\/uploads\/2023\/09\/Pulp-Molded-Tableware-Machine-300x300.webp 300w, https:\/\/www.hghypackaging.com\/wp-content\/uploads\/2023\/09\/Pulp-Molded-Tableware-Machine-150x150.webp 150w, https:\/\/www.hghypackaging.com\/wp-content\/uploads\/2023\/09\/Pulp-Molded-Tableware-Machine.webp 768w\" sizes=\"(max-width: 400px) 100vw, 400px\" \/><h2 class=\"woocommerce-loop-product__title\">HGHY Machine De Fabricaiton De Vaisselle Compostable<\/h2>\n<\/a><a href=\"https:\/\/www.hghypackaging.com\/fr\/product\/machine-de-fabricaiton-de-vaisselle-compostable\/\" aria-describedby=\"woocommerce_loop_add_to_cart_link_describedby_5780\" data-quantity=\"1\" class=\"button product_type_simple\" data-product_id=\"5780\" data-product_sku=\"\" aria-label=\"En savoir plus sur &ldquo;HGHY Machine De Fabricaiton De Vaisselle Compostable&rdquo;\" rel=\"nofollow\" data-success_message=\"\">Lire la suite<\/a>\t<span id=\"woocommerce_loop_add_to_cart_link_describedby_5780\" class=\"screen-reader-text\">\n\t\t\t<\/span>\n<\/li>\n<li class=\"product type-product post-5774 status-publish first instock product_cat-lignes-de-jetable-vaisselle product_tag-manual-paper-plate-machine product_tag-manual-paper-plate-making-machine product_tag-manual-paper-plate-making-machine-price has-post-thumbnail shipping-taxable product-type-simple\">\n\t<a href=\"https:\/\/www.hghypackaging.com\/fr\/product\/machine-de-fabricaiton-dassiette-canne-a-sucre\/\" class=\"woocommerce-LoopProduct-link woocommerce-loop-product__link\"><img decoding=\"async\" width=\"400\" height=\"400\" src=\"https:\/\/www.hghypackaging.com\/wp-content\/uploads\/2023\/03\/Semi-Automatic-Tableware-Machine-400x400.webp\" class=\"attachment-woocommerce_thumbnail size-woocommerce_thumbnail\" alt=\"sugarcane bagasse tableware making machine\" srcset=\"https:\/\/www.hghypackaging.com\/wp-content\/uploads\/2023\/03\/Semi-Automatic-Tableware-Machine-400x400.webp 400w, https:\/\/www.hghypackaging.com\/wp-content\/uploads\/2023\/03\/Semi-Automatic-Tableware-Machine-100x100.webp 100w, https:\/\/www.hghypackaging.com\/wp-content\/uploads\/2023\/03\/Semi-Automatic-Tableware-Machine-600x600.webp 600w, https:\/\/www.hghypackaging.com\/wp-content\/uploads\/2023\/03\/Semi-Automatic-Tableware-Machine-300x300.webp 300w, https:\/\/www.hghypackaging.com\/wp-content\/uploads\/2023\/03\/Semi-Automatic-Tableware-Machine-150x150.webp 150w, https:\/\/www.hghypackaging.com\/wp-content\/uploads\/2023\/03\/Semi-Automatic-Tableware-Machine-768x768.webp 768w, https:\/\/www.hghypackaging.com\/wp-content\/uploads\/2023\/03\/Semi-Automatic-Tableware-Machine.webp 1000w\" sizes=\"(max-width: 400px) 100vw, 400px\" \/><h2 class=\"woocommerce-loop-product__title\">HGHY Machine De Fabricaiton D\u2019assiette Canne \u00e0 Sucre<\/h2>\n<\/a><a href=\"https:\/\/www.hghypackaging.com\/fr\/product\/machine-de-fabricaiton-dassiette-canne-a-sucre\/\" aria-describedby=\"woocommerce_loop_add_to_cart_link_describedby_5774\" data-quantity=\"1\" class=\"button product_type_simple\" data-product_id=\"5774\" data-product_sku=\"009-3\" aria-label=\"En savoir plus sur &ldquo;HGHY Machine De Fabricaiton D\u2019assiette Canne \u00e0 Sucre&rdquo;\" rel=\"nofollow\" data-success_message=\"\">Lire la suite<\/a>\t<span id=\"woocommerce_loop_add_to_cart_link_describedby_5774\" class=\"screen-reader-text\">\n\t\t\t<\/span>\n<\/li>\n<li class=\"product type-product post-5641 status-publish instock product_cat-uncategorized has-post-thumbnail shipping-taxable product-type-simple\">\n\t<a href=\"https:\/\/www.hghypackaging.com\/fr\/product\/machine-de-fabricaiton-de-boite-a-oeufs\/\" class=\"woocommerce-LoopProduct-link woocommerce-loop-product__link\"><img decoding=\"async\" width=\"400\" height=\"400\" src=\"https:\/\/www.hghypackaging.com\/wp-content\/uploads\/2023\/09\/Automatic-In-Line-Hotpress-Egg-Carton-Machine-400x400.webp\" class=\"attachment-woocommerce_thumbnail size-woocommerce_thumbnail\" alt=\"eggs box making machine\" srcset=\"https:\/\/www.hghypackaging.com\/wp-content\/uploads\/2023\/09\/Automatic-In-Line-Hotpress-Egg-Carton-Machine-400x400.webp 400w, https:\/\/www.hghypackaging.com\/wp-content\/uploads\/2023\/09\/Automatic-In-Line-Hotpress-Egg-Carton-Machine-100x100.webp 100w, https:\/\/www.hghypackaging.com\/wp-content\/uploads\/2023\/09\/Automatic-In-Line-Hotpress-Egg-Carton-Machine-600x600.webp 600w, https:\/\/www.hghypackaging.com\/wp-content\/uploads\/2023\/09\/Automatic-In-Line-Hotpress-Egg-Carton-Machine-300x300.webp 300w, https:\/\/www.hghypackaging.com\/wp-content\/uploads\/2023\/09\/Automatic-In-Line-Hotpress-Egg-Carton-Machine-150x150.webp 150w, https:\/\/www.hghypackaging.com\/wp-content\/uploads\/2023\/09\/Automatic-In-Line-Hotpress-Egg-Carton-Machine.webp 768w\" sizes=\"(max-width: 400px) 100vw, 400px\" \/><h2 class=\"woocommerce-loop-product__title\">HGHY Machine De Fabricaiton De Bo\u00eete \u00e0 \u0153ufs<\/h2>\n<\/a><a href=\"https:\/\/www.hghypackaging.com\/fr\/product\/machine-de-fabricaiton-de-boite-a-oeufs\/\" aria-describedby=\"woocommerce_loop_add_to_cart_link_describedby_5641\" data-quantity=\"1\" class=\"button product_type_simple\" data-product_id=\"5641\" data-product_sku=\"\" aria-label=\"En savoir plus sur &ldquo;HGHY Machine De Fabricaiton De Bo\u00eete \u00e0 \u0153ufs&rdquo;\" rel=\"nofollow\" data-success_message=\"\">Lire la suite<\/a>\t<span id=\"woocommerce_loop_add_to_cart_link_describedby_5641\" class=\"screen-reader-text\">\n\t\t\t<\/span>\n<\/li>\n<li class=\"product type-product post-5633 status-publish last instock product_cat-lignes-de-plateau-d-oeuf has-post-thumbnail shipping-taxable product-type-simple\">\n\t<a href=\"https:\/\/www.hghypackaging.com\/fr\/product\/machine-de-fabricaiton-dalveoles-pour-oeufs\/\" class=\"woocommerce-LoopProduct-link woocommerce-loop-product__link\"><img decoding=\"async\" width=\"400\" height=\"400\" src=\"https:\/\/www.hghypackaging.com\/wp-content\/uploads\/2023\/09\/High-Speed-Double-Rotary-Egg-Tray-Making-Machine-400x400.webp\" class=\"attachment-woocommerce_thumbnail size-woocommerce_thumbnail\" alt=\"egg tray making machine\" srcset=\"https:\/\/www.hghypackaging.com\/wp-content\/uploads\/2023\/09\/High-Speed-Double-Rotary-Egg-Tray-Making-Machine-400x400.webp 400w, https:\/\/www.hghypackaging.com\/wp-content\/uploads\/2023\/09\/High-Speed-Double-Rotary-Egg-Tray-Making-Machine-100x100.webp 100w, https:\/\/www.hghypackaging.com\/wp-content\/uploads\/2023\/09\/High-Speed-Double-Rotary-Egg-Tray-Making-Machine-600x600.webp 600w, https:\/\/www.hghypackaging.com\/wp-content\/uploads\/2023\/09\/High-Speed-Double-Rotary-Egg-Tray-Making-Machine-300x300.webp 300w, https:\/\/www.hghypackaging.com\/wp-content\/uploads\/2023\/09\/High-Speed-Double-Rotary-Egg-Tray-Making-Machine-150x150.webp 150w, https:\/\/www.hghypackaging.com\/wp-content\/uploads\/2023\/09\/High-Speed-Double-Rotary-Egg-Tray-Making-Machine.webp 768w\" sizes=\"(max-width: 400px) 100vw, 400px\" \/><h2 class=\"woocommerce-loop-product__title\">HGHY Machine De Fabricaiton D\u2019alv\u00e9oles Pour Oeufs<\/h2>\n<\/a><a href=\"https:\/\/www.hghypackaging.com\/fr\/product\/machine-de-fabricaiton-dalveoles-pour-oeufs\/\" aria-describedby=\"woocommerce_loop_add_to_cart_link_describedby_5633\" data-quantity=\"1\" class=\"button product_type_simple\" data-product_id=\"5633\" data-product_sku=\"004-2\" aria-label=\"En savoir plus sur &ldquo;HGHY Machine De Fabricaiton D\u2019alv\u00e9oles Pour Oeufs&rdquo;\" rel=\"nofollow\" data-success_message=\"\">Lire la suite<\/a>\t<span id=\"woocommerce_loop_add_to_cart_link_describedby_5633\" class=\"screen-reader-text\">\n\t\t\t<\/span>\n<\/li>\n<li class=\"product type-product post-5618 status-publish first instock product_cat-lignes-de-plateau-d-oeuf has-post-thumbnail shipping-taxable product-type-simple\">\n\t<a href=\"https:\/\/www.hghypackaging.com\/fr\/product\/machine-de-fabricaiton-de-plateau-d-oeuf\/\" class=\"woocommerce-LoopProduct-link woocommerce-loop-product__link\"><img decoding=\"async\" width=\"400\" height=\"400\" src=\"https:\/\/www.hghypackaging.com\/wp-content\/uploads\/2023\/09\/Automatic-Rotary-Egg-Tray-Making-Machine-400x400.webp\" class=\"attachment-woocommerce_thumbnail size-woocommerce_thumbnail\" alt=\"egg tray machine\" srcset=\"https:\/\/www.hghypackaging.com\/wp-content\/uploads\/2023\/09\/Automatic-Rotary-Egg-Tray-Making-Machine-400x400.webp 400w, https:\/\/www.hghypackaging.com\/wp-content\/uploads\/2023\/09\/Automatic-Rotary-Egg-Tray-Making-Machine-100x100.webp 100w, https:\/\/www.hghypackaging.com\/wp-content\/uploads\/2023\/09\/Automatic-Rotary-Egg-Tray-Making-Machine-600x600.webp 600w, https:\/\/www.hghypackaging.com\/wp-content\/uploads\/2023\/09\/Automatic-Rotary-Egg-Tray-Making-Machine-300x300.webp 300w, https:\/\/www.hghypackaging.com\/wp-content\/uploads\/2023\/09\/Automatic-Rotary-Egg-Tray-Making-Machine-150x150.webp 150w, https:\/\/www.hghypackaging.com\/wp-content\/uploads\/2023\/09\/Automatic-Rotary-Egg-Tray-Making-Machine.webp 768w\" sizes=\"(max-width: 400px) 100vw, 400px\" \/><h2 class=\"woocommerce-loop-product__title\">HGHY Machine De Fabricaiton De Plateau d&rsquo;\u0153uf<\/h2>\n<\/a><a href=\"https:\/\/www.hghypackaging.com\/fr\/product\/machine-de-fabricaiton-de-plateau-d-oeuf\/\" aria-describedby=\"woocommerce_loop_add_to_cart_link_describedby_5618\" data-quantity=\"1\" class=\"button product_type_simple\" data-product_id=\"5618\" data-product_sku=\"005-2\" aria-label=\"En savoir plus sur &ldquo;HGHY Machine De Fabricaiton De Plateau d&#039;\u0153uf&rdquo;\" rel=\"nofollow\" data-success_message=\"\">Lire la suite<\/a>\t<span id=\"woocommerce_loop_add_to_cart_link_describedby_5618\" class=\"screen-reader-text\">\n\t\t\t<\/span>\n<\/li>\n<\/ul>\n<\/div>\t\t<\/div>\n\t\t\t\t<\/div>\n\t\t\t\t<\/div>\n\t\t<div class=\"elementor-element elementor-element-134bd6d4 e-con-full elementor-hidden-tablet elementor-hidden-mobile e-flex e-con\" data-id=\"134bd6d4\" data-element_type=\"container\" data-settings=\"{&quot;content_width&quot;:&quot;full&quot;,&quot;background_background&quot;:&quot;classic&quot;}\">\n\t\t<div class=\"elementor-element elementor-element-79708698 e-con-full e-flex e-con\" data-id=\"79708698\" data-element_type=\"container\" data-settings=\"{&quot;content_width&quot;:&quot;full&quot;,&quot;background_background&quot;:&quot;classic&quot;}\">\n\t\t\t\t<div class=\"elementor-element elementor-element-357a645d elementor-widget__width-initial elementor-widget elementor-widget-heading\" data-id=\"357a645d\" data-element_type=\"widget\" data-widget_type=\"heading.default\">\n\t\t\t\t<div class=\"elementor-widget-container\">\n\t\t\t<h4 class=\"elementor-heading-title elementor-size-default\"><a href=\"https:\/\/www.hghypackaging.com\/pulp-molding-machine\/\" target=\"_blank\">Machine De Moulage De P\u00e2te \u00e0 Papier<\/a><\/h4>\t\t<\/div>\n\t\t\t\t<\/div>\n\t\t\t\t<div class=\"elementor-element elementor-element-6d37a4d4 elementor-icon-list--layout-traditional elementor-list-item-link-full_width elementor-widget elementor-widget-icon-list\" data-id=\"6d37a4d4\" data-element_type=\"widget\" data-widget_type=\"icon-list.default\">\n\t\t\t\t<div class=\"elementor-widget-container\">\n\t\t\t<link rel=\"stylesheet\" href=\"https:\/\/www.hghypackaging.com\/wp-content\/plugins\/elementor\/assets\/css\/widget-icon-list.min.css\">\t\t<ul class=\"elementor-icon-list-items\">\n\t\t\t\t\t\t\t<li class=\"elementor-icon-list-item\">\n\t\t\t\t\t\t\t\t\t\t\t<a href=\"https:\/\/hghypackaging.com\/fr\/collection\/lignes-de-plateau-d-oeuf\/\">\n\n\t\t\t\t\t\t\t\t\t\t\t<span class=\"elementor-icon-list-text\">Lignes De Plateau d\u2019oeuf<\/span>\n\t\t\t\t\t\t\t\t\t\t\t<\/a>\n\t\t\t\t\t\t\t\t\t<\/li>\n\t\t\t\t\t\t\t\t<li class=\"elementor-icon-list-item\">\n\t\t\t\t\t\t\t\t\t\t\t<a href=\"https:\/\/hghypackaging.com\/fr\/collection\/lignes-de-boite-a-oeufs\/\">\n\n\t\t\t\t\t\t\t\t\t\t\t<span class=\"elementor-icon-list-text\">Lignes De Bo\u00eete \u00e0 Oeufs<\/span>\n\t\t\t\t\t\t\t\t\t\t\t<\/a>\n\t\t\t\t\t\t\t\t\t<\/li>\n\t\t\t\t\t\t\t\t<li class=\"elementor-icon-list-item\">\n\t\t\t\t\t\t\t\t\t\t\t<a href=\"https:\/\/hghypackaging.com\/fr\/collection\/lignes-de-jetable-vaisselle\/\">\n\n\t\t\t\t\t\t\t\t\t\t\t<span class=\"elementor-icon-list-text\">Lignes De Vaisselle Jetable<\/span>\n\t\t\t\t\t\t\t\t\t\t\t<\/a>\n\t\t\t\t\t\t\t\t\t<\/li>\n\t\t\t\t\t\t<\/ul>\n\t\t\t\t<\/div>\n\t\t\t\t<\/div>\n\t\t\t\t<\/div>\n\t\t<div class=\"elementor-element elementor-element-72eaa50c e-con-full e-flex e-con\" data-id=\"72eaa50c\" data-element_type=\"container\" data-settings=\"{&quot;content_width&quot;:&quot;full&quot;,&quot;background_background&quot;:&quot;classic&quot;}\">\n\t\t\t\t<div class=\"elementor-element elementor-element-1560fb79 elementor-widget elementor-widget-heading\" data-id=\"1560fb79\" data-element_type=\"widget\" data-widget_type=\"heading.default\">\n\t\t\t\t<div class=\"elementor-widget-container\">\n\t\t\t<h4 class=\"elementor-heading-title elementor-size-default\">Nouvelles<\/h4>\t\t<\/div>\n\t\t\t\t<\/div>\n\t\t\t\t<div class=\"elementor-element elementor-element-130a969e elementor-grid-1 elementor-grid-tablet-2 elementor-grid-mobile-1 elementor-posts--thumbnail-top elementor-widget elementor-widget-posts\" data-id=\"130a969e\" data-element_type=\"widget\" data-settings=\"{&quot;classic_columns&quot;:&quot;1&quot;,&quot;classic_columns_tablet&quot;:&quot;2&quot;,&quot;classic_columns_mobile&quot;:&quot;1&quot;,&quot;classic_row_gap&quot;:{&quot;unit&quot;:&quot;px&quot;,&quot;size&quot;:35,&quot;sizes&quot;:[]},&quot;classic_row_gap_tablet&quot;:{&quot;unit&quot;:&quot;px&quot;,&quot;size&quot;:&quot;&quot;,&quot;sizes&quot;:[]},&quot;classic_row_gap_mobile&quot;:{&quot;unit&quot;:&quot;px&quot;,&quot;size&quot;:&quot;&quot;,&quot;sizes&quot;:[]}}\" data-widget_type=\"posts.classic\">\n\t\t\t\t<div class=\"elementor-widget-container\">\n\t\t\t<link rel=\"stylesheet\" href=\"https:\/\/www.hghypackaging.com\/wp-content\/plugins\/elementor-pro\/assets\/css\/widget-posts.min.css\">\t\t<div class=\"elementor-posts-container elementor-posts elementor-posts--skin-classic elementor-grid\">\n\t\t\t\t<article class=\"elementor-post elementor-grid-item post-7994 post type-post status-publish format-standard hentry category-non-classifiee\">\n\t\t\t\t<div class=\"elementor-post__text\">\n\t\t\t\t<h4 class=\"elementor-post__title\">\n\t\t\t<a href=\"https:\/\/www.hghypackaging.com\/fr\/opportunites-des-machines-a-fabriquer-des-alveoles-doeufs-au-maroc-et-facilite-dexportation-vers-leurope\/\" >\n\t\t\t\tOpportunit\u00e9s des machines \u00e0 fabriquer des alv\u00e9oles d&rsquo;\u0153ufs au Maroc et facilit\u00e9 d&rsquo;exportation vers l&rsquo;Europe\t\t\t<\/a>\n\t\t<\/h4>\n\t\t\t\t<div class=\"elementor-post__meta-data\">\n\t\t\t\t\t<span class=\"elementor-post-date\">\n\t\t\t15\/01\/2026\t\t<\/span>\n\t\t\t\t<\/div>\n\t\t\t\t<\/div>\n\t\t\t\t<\/article>\n\t\t\t\t<article class=\"elementor-post elementor-grid-item post-7970 post type-post status-publish format-standard hentry category-non-classifiee\">\n\t\t\t\t<div class=\"elementor-post__text\">\n\t\t\t\t<h4 class=\"elementor-post__title\">\n\t\t\t<a href=\"https:\/\/www.hghypackaging.com\/fr\/les-avantages-detablir-une-ligne-de-production-de-plateaux-a-oeufs-en-tunisie\/\" >\n\t\t\t\tLes Avantages d&rsquo;\u00c9tablir une Ligne de Production de Plateaux \u00e0 \u0152ufs en Tunisie\t\t\t<\/a>\n\t\t<\/h4>\n\t\t\t\t<div class=\"elementor-post__meta-data\">\n\t\t\t\t\t<span class=\"elementor-post-date\">\n\t\t\t23\/10\/2025\t\t<\/span>\n\t\t\t\t<\/div>\n\t\t\t\t<\/div>\n\t\t\t\t<\/article>\n\t\t\t\t<article class=\"elementor-post elementor-grid-item post-7953 post type-post status-publish format-standard hentry category-non-classifiee\">\n\t\t\t\t<div class=\"elementor-post__text\">\n\t\t\t\t<h4 class=\"elementor-post__title\">\n\t\t\t<a href=\"https:\/\/www.hghypackaging.com\/fr\/machine-a-carton-doeufs-au-maroc-opportunites-et-avenir-de-lemballage-ecologique\/\" >\n\t\t\t\tMachine \u00e0 Carton d\u2019\u0152ufs au Maroc : Opportunit\u00e9s et Avenir de l\u2019Emballage \u00c9cologique\t\t\t<\/a>\n\t\t<\/h4>\n\t\t\t\t<div class=\"elementor-post__meta-data\">\n\t\t\t\t\t<span class=\"elementor-post-date\">\n\t\t\t27\/08\/2025\t\t<\/span>\n\t\t\t\t<\/div>\n\t\t\t\t<\/div>\n\t\t\t\t<\/article>\n\t\t\t\t<\/div>\n\t\t\n\t\t\t\t<\/div>\n\t\t\t\t<\/div>\n\t\t\t\t<\/div>\n\t\t\t\t<\/div>\n\t\t\t\t\t<\/div>\n\t\t\t\t<\/div>\n\t\t\t\t\t\t\t<\/div>\n\t\t","protected":false},"excerpt":{"rendered":"<p>Machine De Moulage De P\u00e2te \u00e0 Papier Machine De Moulage De P\u00e2te \u00e0 Papier &nbsp; Lignes de Jetable Vaisselle High-end Packaging Production Line Coffee Cup<\/p>\n","protected":false},"author":1,"featured_media":0,"parent":0,"menu_order":2,"comment_status":"closed","ping_status":"closed","template":"","meta":{"om_disable_all_campaigns":false,"_joinchat":[],"footnotes":""},"class_list":["post-5583","page","type-page","status-publish","hentry"],"aioseo_notices":[],"_links":{"self":[{"href":"https:\/\/www.hghypackaging.com\/fr\/wp-json\/wp\/v2\/pages\/5583","targetHints":{"allow":["GET"]}}],"collection":[{"href":"https:\/\/www.hghypackaging.com\/fr\/wp-json\/wp\/v2\/pages"}],"about":[{"href":"https:\/\/www.hghypackaging.com\/fr\/wp-json\/wp\/v2\/types\/page"}],"author":[{"embeddable":true,"href":"https:\/\/www.hghypackaging.com\/fr\/wp-json\/wp\/v2\/users\/1"}],"replies":[{"embeddable":true,"href":"https:\/\/www.hghypackaging.com\/fr\/wp-json\/wp\/v2\/comments?post=5583"}],"version-history":[{"count":0,"href":"https:\/\/www.hghypackaging.com\/fr\/wp-json\/wp\/v2\/pages\/5583\/revisions"}],"wp:attachment":[{"href":"https:\/\/www.hghypackaging.com\/fr\/wp-json\/wp\/v2\/media?parent=5583"}],"curies":[{"name":"wp","href":"https:\/\/api.w.org\/{rel}","templated":true}]}}